{"id":46,"date":"2012-03-01T18:58:10","date_gmt":"2012-03-01T18:58:10","guid":{"rendered":"http:\/\/ihsn.org\/apps\/iass\/?page_id=46"},"modified":"2021-09-04T09:35:20","modified_gmt":"2021-09-04T09:35:20","slug":"publications","status":"publish","type":"page","link":"https:\/\/isi-iass.org\/home\/publications\/","title":{"rendered":"Publications"},"content":{"rendered":"<p>The IASS publishes its own newsletter, <a title=\"the\" href=\"?p=17\" rel=\"bookmark\">the Survey Statistician<\/a>, twice a year.<\/p>\n<p>Other publications:<\/p>\n<ul>\n<li>Rapport des sessions et communications, Dakar (1981). S\u00e9minaire sur les probl\u00e8mes m\u00e9thodologiques des enqu\u00eates et recensements, Association internationale des statisticiens d&#8217;enqu\u00eate.<\/li>\n<li>Booklet &#8211; Recueil &#8211; Invited papers, Tokyo (1987). International Association of Survey Statisticians.<\/li>\n<li>Booklet &#8211; Recueil &#8211; Invited papers, Paris (1989). International Association of Survey Statisticians.<\/li>\n<li>Booklet &#8211; Recueil &#8211; Invited papers, Cairo (1991). International Association of Survey Statisticians.<\/li>\n<li>Booklet &#8211; Recueil &#8211; Invited papers, Florence (1993). International Association of Survey Statisticians.<\/li>\n<li>Leslie Kish Questions \/ Answers from the Survey Statistician 1978 &#8211; 1994. (1995). International Association of Survey Statisticians.<\/li>\n<li>Proceedings &#8211; Actes &#8211; Invited papers, Beijing (1995). International Association of Survey Statisticians.<\/li>\n<li>Proceedings &#8211; Actes &#8211; Invited papers, Istambul (1997). International Association of Survey Statisticians.<\/li>\n<li>25 Years of the History of the IASS. (1999) International Association of Survey Statisticians.<\/li>\n<li>Proceedings &#8211; Actes &#8211; Invited papers Helsinki (1999). International Association of Survey Statisticians.<\/li>\n<li>IASS Jubilee Commemorative Volume &#8211; Landmark papers in Survey Statistics (2001). International Association of Survey Statisticians.<\/li>\n<li>Proceedings &#8211; Actes &#8211; Invited papers Seoul (2001). International Association of Survey Statisticians.<\/li>\n<li>Membership Directory (2002). International Association of Survey Statisticians.<\/li>\n<li>Leslie Kish &#8211; Selected Papers. (2003) Edited by G. Kalton and S. Heeringa. J. Wiley and sons.<\/li>\n<\/ul>\n","protected":false},"excerpt":{"rendered":"<p>The IASS publishes its own newsletter, the Survey Statistician, twice a year. Other publications: Rapport des sessions et communications, Dakar (1981). S\u00e9minaire sur les probl\u00e8mes m\u00e9thodologiques des enqu\u00eates et recensements, Association internationale des statisticiens d&#8217;enqu\u00eate. Booklet &#8211; Recueil &#8211; Invited papers, Tokyo (1987). International Association of Survey Statisticians. Booklet &#8211; Recueil &#8211; Invited papers, Paris&hellip;<\/p>\n","protected":false},"author":455,"featured_media":0,"parent":0,"menu_order":0,"comment_status":"closed","ping_status":"closed","template":"","meta":{"footnotes":""},"class_list":["post-46","page","type-page","status-publish","hentry"],"_links":{"self":[{"href":"https:\/\/isi-iass.org\/home\/wp-json\/wp\/v2\/pages\/46","targetHints":{"allow":["GET"]}}],"collection":[{"href":"https:\/\/isi-iass.org\/home\/wp-json\/wp\/v2\/pages"}],"about":[{"href":"https:\/\/isi-iass.org\/home\/wp-json\/wp\/v2\/types\/page"}],"author":[{"embeddable":true,"href":"https:\/\/isi-iass.org\/home\/wp-json\/wp\/v2\/users\/455"}],"replies":[{"embeddable":true,"href":"https:\/\/isi-iass.org\/home\/wp-json\/wp\/v2\/comments?post=46"}],"version-history":[{"count":10,"href":"https:\/\/isi-iass.org\/home\/wp-json\/wp\/v2\/pages\/46\/revisions"}],"predecessor-version":[{"id":2481,"href":"https:\/\/isi-iass.org\/home\/wp-json\/wp\/v2\/pages\/46\/revisions\/2481"}],"wp:attachment":[{"href":"https:\/\/isi-iass.org\/home\/wp-json\/wp\/v2\/media?parent=46"}],"curies":[{"name":"wp","href":"https:\/\/api.w.org\/{rel}","templated":true}]}}