{"id":1547,"date":"2020-06-30T06:34:53","date_gmt":"2020-06-30T06:34:53","guid":{"rendered":"http:\/\/isi-iass.org\/home\/?page_id=1547"},"modified":"2021-04-04T06:20:39","modified_gmt":"2021-04-04T06:20:39","slug":"international-covid-19-surveys","status":"publish","type":"page","link":"https:\/\/isi-iass.org\/home\/international-covid-19-surveys\/","title":{"rendered":"Summary of Covid-19 Surveys"},"content":{"rendered":"\n<figure class=\"wp-block-table is-style-stripes\"><table class=\"has-fixed-layout\"><tbody><tr><td><\/td><td><strong>Australia<\/strong><\/td><td><strong>Brazil (1)<\/strong><\/td><td><strong>Brazil (2)<\/strong><\/td><td><strong>Cuba<\/strong><\/td><td><strong>Italy&nbsp;<\/strong><\/td><td><strong>Spain<\/strong>&nbsp;<\/td><td><strong>UK&nbsp;<\/strong><\/td><\/tr><tr><td><strong>Study name<\/strong><\/td><td>Household\n  Impacts of COVID-19 Survey<\/td><td>PNAD COVID19<\/td><td>EPICOVID19<\/td><td>National\n  Prevalence Survey (seroprevalence)<\/td><td>Serum-prevalence\n  of the SARS-COV2 virus infection<\/td><td>ENE-COVID19 &#8211;\n  Estudio Nacional de Sero-Epidemiolog\u00eda de la Infecci\u00f3n por SARS-CoV-2 en\n  Espa\u00f1a<\/td><td>COVID-19\n  Infection Survey<\/td><\/tr><tr><td><strong>Agency responsible<\/strong><\/td><td>Australian Bureau of Statistics<\/td><td>IBGE<\/td><td>UFPEL &#8211; Universidade Federal de\n  Pelotas<\/td><td>Ministerio de Salud P\u00fablica<\/td><td>Istat + Ministry of Health +\n  Italian Red Cross<\/td><td>INE + Instituto de Salud Carlos\n  III<\/td><td>Office for National Statistics<\/td><\/tr><tr><td><strong>Objective<\/strong><\/td><td>To collect information on:\n  concerns about personal health due to the spread of COVID-19; health\n  precautions taken in response to COVID-19; job situation; and flu vaccination\n  intentions.<\/td><td>To offer statistics on the\n  evolution of the disease and its burden on the population, coupled with some\n  statistics on labour force status<\/td><td>To estimate prevalence of the\n  population by immunological status&nbsp;<\/td><td>Obtain precise estimates of the\n  immunological status of the population, monitor the evolution of the\n  epidemic, and identify the most significant risk factors for SARS-CoV-2\n  infection.&nbsp;<\/td><td>To understand how many people\n  have developed antibodies to Coronavirus, even in the absence of symptoms.<\/td><td>Obtain precise estimates of the\n  immunological status of the population, monitor the evolution of the epidemic<\/td><td>To estimate prevalence of\n  symptomatic and asymptomatic SARS-CoV-2 infection in the general population\n  and how this varies over time<\/td><\/tr><tr><td><strong>Geographic coverage<\/strong><\/td><td>National<\/td><td>National<\/td><td>133 largest cities in Brazil<\/td><td>National<\/td><td>National<\/td><td>National<\/td><td>National<\/td><\/tr><tr><td><strong>Target population<\/strong><\/td><td>Persons aged 18 years and over\n  in private dwellings (excluding very remote areas)<\/td><td>Population living in private\n  permanent households<\/td><td>0<\/td><td>Population living in private\n  permanent households<\/td><td>Resident population in National\n  Population Register<\/td><td>Non-institutionalised resident\n  population<\/td><td>Non-institutionalised resident\n  population<\/td><\/tr><tr><td><strong>Respondents<\/strong><\/td><td>Persons aged 18 years and over<\/td><td>Resident eligible adults in\n  households<\/td><td><\/td><td><\/td><td><\/td><td>Residents<\/td><td>Adults, adolescents and children\n  aged 2 years or older<\/td><\/tr><tr><td><strong>Frequency<\/strong><\/td><td>Every two weeks<\/td><td>Monthly<\/td><td>One week<\/td><td>First two weeks in May<\/td><td><\/td><td>Two weeks<\/td><td>Monthly<\/td><\/tr><tr><td><strong>Type of study<\/strong><\/td><td>Sample survey<\/td><td>Household sample survey<\/td><td>Household sample survey, with\n  one household member sampled for testing<\/td><td>Household sample survey with\n  seroprevalence study<\/td><td>Probability sample of\n  individuals from National Population Register + Non probabilistic\n  serum-prevalence survey in some areas&nbsp;<\/td><td>Household sample survey<\/td><td>Household sample survey<\/td><\/tr><tr><td><strong>Collection mode(s)<\/strong><\/td><td>Telephone<\/td><td>Telephone<\/td><td>Face-to-face<\/td><td>Face-to-face<\/td><td>Face-to-face in testing centers<\/td><td>Face-to-face in households<\/td><td>Face-to-face in households<\/td><\/tr><tr><td><strong>Evolution in time<\/strong><\/td><td>Panel survey<\/td><td>Panel survey, initially\n  commissioned for 4 months<\/td><td>Three waves, separated by three\n  weeks<\/td><td>Expected to be repeated twice\n  after first wave<\/td><td><\/td><td>Expected to be repeated at least\n  three times, separated in time by one week<\/td><td>Repeated cross-sectional survey,\n  for 12 months<\/td><\/tr><tr><td><strong>Sample size<\/strong><\/td><td>1,000 people<\/td><td>193 thousand households per\n  month<\/td><td>33,250 households per wave<\/td><td>1,300 households, 4,000\n  residents<\/td><td>150,000 individuals<\/td><td>36,000 households, 90,000\n  individuals.&nbsp;<\/td><td>20,000 households, 27,500\n  individuals per month<\/td><\/tr><tr><td><strong>Type of output<\/strong><\/td><td>National estimates of\n  proportions<\/td><td>Tables, anonymised microdata ,\n  weekly estimates for country and five broad regions, monthly estimates for\n  country and 27 states<\/td><td>Estimates of prevalence<\/td><td>Estimates of the immunological\n  status of the population<\/td><td>Estimates for the size and\n  extent of the infection in the population and describe its frequency in\n  relation to certain factors such as gender, 6 age classes, 21 regions, 4\n  economic activities.&nbsp;<\/td><td>Estimates of prevalence of\n  antibodies to virus for 50 provinces and 2 autonomous cities&nbsp;<\/td><td>Estimates by age groups (2-4,\n  5-11, 12-17, 18-24, 25-34, 35-44, 45-54, 55-64, 65-74, 75+ years) and\n  geographical regions<\/td><\/tr><tr><td><strong>Website<\/strong><\/td><td><a href=\"https:\/\/www.abs.gov.au\/ausstats\/abs@.nsf\/Lookup\/4940.0main+features11-6%20Apr%202020\">https:\/\/www.abs.gov.au\/ausstats\/abs@.nsf\/Lookup\/4940.0main+features11-6%20Apr%202020<\/a><\/td><td><a href=\"http:\/\/www.ibge.gov.br\/\">www.ibge.gov.br<\/a><\/td><td><a href=\"http:\/\/portal.ufpel.edu.br\/\">http:\/\/portal.ufpel.edu.br\/<\/a><\/td><td><\/td><td><\/td><td><a href=\"https:\/\/portalcne.isciii.es\/enecovid19\/indexev.html\">https:\/\/portalcne.isciii.es\/enecovid19\/indexev.html<\/a><\/td><td><a href=\"https:\/\/www.ons.gov.uk\/peoplepopulationandcommunity\/healthandsocialcare\/conditionsanddiseases\/datasets\/coronaviruscovid19infectionsurveydata\">https:\/\/www.ons.gov.uk\/peoplepopulationandcommunity\/healthandsocialcare\/conditionsanddiseases\/datasets\/coronaviruscovid19infectionsurveydata<\/a><\/td><\/tr><tr><td><strong>Contact<\/strong><\/td><td><\/td><td>Maria Lucia Vieira\n  (&#x6d;&#97;&#x72;&#x69;a&#x6c;&#117;c&#x69;&#97;&#46;&#x76;&#105;&#x65;&#x69;r&#x61;&#64;i&#x62;&#103;e&#x2e;&#103;&#x6f;&#x76;&#46;&#x62;&#x72;)<\/td><td><\/td><td>Luis Carlos Silva<\/td><td>Monica Pratesi<\/td><td>Jos\u00e9 Manual Rodr\u00edguez Poo<\/td><td><\/td><\/tr><\/tbody><\/table><\/figure>\n\n\n\n<div class=\"wp-block-file\"><a href=\"http:\/\/isi-iass.org\/home\/wp-content\/uploads\/Summary-of-COVID19-surveys.csv\">Summary of COVID19 surveys<\/a><a href=\"http:\/\/isi-iass.org\/home\/wp-content\/uploads\/Summary-of-COVID19-surveys.csv\" class=\"wp-block-file__button\" download>Download<\/a><\/div>\n\n\n\n<h4 class=\"wp-block-heading\">Additional Resources on Covid-19 Surveillance Surveys<\/h4>\n\n\n\n<ul class=\"wp-block-list\"><li><a href=\"https:\/\/www.covid-impact.org\/\">https:\/\/www.covid-impact.org\/<\/a><\/li><li><a href=\"https:\/\/unstats.un.org\/unsd\/demographic-social\/census\/COVID-19\/\">https:\/\/unstats.un.org\/unsd\/demographic-social\/census\/COVID-19\/<\/a><\/li><li><a href=\"https:\/\/covid-19-response.unstatshub.org\/\">https:\/\/covid-19-response.unstatshub.org\/<\/a><\/li><\/ul>\n\n\n\n<p><\/p>\n","protected":false},"excerpt":{"rendered":"<p>Australia Brazil (1) Brazil (2) Cuba Italy&nbsp; Spain&nbsp; UK&nbsp; Study name Household Impacts of COVID-19 Survey PNAD COVID19 EPICOVID19 National Prevalence Survey (seroprevalence) Serum-prevalence of the SARS-COV2 virus infection ENE-COVID19 &#8211; Estudio Nacional de Sero-Epidemiolog\u00eda de la Infecci\u00f3n por SARS-CoV-2 en Espa\u00f1a COVID-19 Infection Survey Agency responsible Australian Bureau of Statistics IBGE UFPEL &#8211; Universidade&hellip;<\/p>\n","protected":false},"author":455,"featured_media":0,"parent":0,"menu_order":0,"comment_status":"closed","ping_status":"closed","template":"page-templates\/template-full-width.php","meta":{"footnotes":""},"class_list":["post-1547","page","type-page","status-publish","hentry"],"_links":{"self":[{"href":"https:\/\/isi-iass.org\/home\/wp-json\/wp\/v2\/pages\/1547","targetHints":{"allow":["GET"]}}],"collection":[{"href":"https:\/\/isi-iass.org\/home\/wp-json\/wp\/v2\/pages"}],"about":[{"href":"https:\/\/isi-iass.org\/home\/wp-json\/wp\/v2\/types\/page"}],"author":[{"embeddable":true,"href":"https:\/\/isi-iass.org\/home\/wp-json\/wp\/v2\/users\/455"}],"replies":[{"embeddable":true,"href":"https:\/\/isi-iass.org\/home\/wp-json\/wp\/v2\/comments?post=1547"}],"version-history":[{"count":13,"href":"https:\/\/isi-iass.org\/home\/wp-json\/wp\/v2\/pages\/1547\/revisions"}],"predecessor-version":[{"id":2329,"href":"https:\/\/isi-iass.org\/home\/wp-json\/wp\/v2\/pages\/1547\/revisions\/2329"}],"wp:attachment":[{"href":"https:\/\/isi-iass.org\/home\/wp-json\/wp\/v2\/media?parent=1547"}],"curies":[{"name":"wp","href":"https:\/\/api.w.org\/{rel}","templated":true}]}}