{"id":1477,"date":"2020-06-26T04:18:44","date_gmt":"2020-06-26T04:18:44","guid":{"rendered":"http:\/\/isi-iass.org\/home\/?page_id=1477"},"modified":"2026-01-20T15:39:00","modified_gmt":"2026-01-20T15:39:00","slug":"past-committees","status":"publish","type":"page","link":"https:\/\/isi-iass.org\/home\/past-committees\/","title":{"rendered":"Past Committees"},"content":{"rendered":"\n<h4 class=\"wp-block-heading\"><strong>IASS Executive Committees Since Inception in 1973<\/strong><\/h4>\n\n\n\n<figure class=\"wp-block-table aligncenter is-style-stripes\"><table class=\"has-fixed-layout\"><tbody><tr><td>   <strong>Term<\/strong>   <\/td><td>\n  <strong>President<\/strong>\n  <\/td><td>\n  <strong>Vice Presidents<\/strong>\n  <\/td><\/tr><tr><td>2023-2025<\/td><td>  Natalie Shlomo<\/td><td>Annamaria Bianchi, Eric Rancourt, Jiraphan Suntornchost,<br> Andres Gutierrez, Partha Lahiri (President-Elect)<\/td><\/tr><tr><td>\n  2021-2023\n  <\/td><td>   Monica Pratesi      <\/td><td>Maria Giovanna Ranalli, Nikos Tzavidis, Andrea Diniz da Silva, Jairo Arrow, Natalie Shlomo (President-Elect)&nbsp;   <\/td><\/tr><tr><td>\n  2019-2021\n  <\/td><td>\n  Denise Silva\n  <\/td><td>Isabel Molina, James Chipperfield, Lucia Barroso, Nadia Lkhoulf   <\/td><\/tr><tr><td>\n  2017-2019\n  <\/td><td>\n  Peter Lynn\n  <\/td><td>Anders Holmberg, Cynthia Clark, Jean Opsomer, Risto Lehtonen   <\/td><\/tr><tr><td>\n  2015-2017\n  <\/td><td>\n  Steve Heeringa\n  <\/td><td>Denise Silva, Monica Pratesi, Imbi Traat   <\/td><\/tr><tr><td>\n  2013-2015\n  <\/td><td>\n  Danny Pfeffermann\n  <\/td><td>Geoff Lee, Jairo Arrow, Mick Couper   <\/td><\/tr><tr><td>\n  2011-2013\n  <\/td><td>\n  Raymond Chambers\n  <\/td><td>Steve Heeringa, Denise Silva, Ineke Stoop   <\/td><\/tr><tr><td>\n  2009-2011\n  <\/td><td>\n  Susan Linacre\n  <\/td><td>Peter Lynn, Linda Hewitt, Leyla Mohadjer   <\/td><\/tr><tr><td>\n  2007-2009\n  <\/td><td>\n  Pedro Silva\n  <\/td><td>Seppo Laaksonen, Pierre Lavall\u00e9e, Steven Heeringa   <\/td><\/tr><tr><td>\n  2005-2007\n  <\/td><td>\n  Gordon Brackstone\n  <\/td><td>John Kovar, Jelke Bethlehem, Lilli Japec   <\/td><\/tr><tr><td>\n  2003-2005\n  <\/td><td>\n  Luigi Biggeri\n  <\/td><td>Beverley Carlson, \u00c1lvaro Gonzalez-Villalobos, Marine Signore   <\/td><\/tr><tr><td>\n  2001-2003\n  <\/td><td>\n  Xavier Charoy\n  <\/td><td>David Binder, Anders Christianson, Seppo Laaksonen   <\/td><\/tr><tr><td>\n  1999-2001\n  <\/td><td>\n  Kirk Wolter\n  <\/td><td>Farhad Mehran, Gad Nathan, Daniel Kasprzyk   <\/td><\/tr><tr><td>\n  1997-1999\n  <\/td><td>\n  Nanjamma Chinnappa\n  <\/td><td>Carmen Arribas, then, Clyde Charre de Trabuchi, Vijay Verma, John Kovar   <\/td><\/tr><tr><td>\n  1995-1997\n  <\/td><td>\n  Dennis Trewin\n  <\/td><td>Malka Kantorowitz, Chris Skinner, Fritz Scheuren   <\/td><\/tr><tr><td>\n  1993-1995\n  <\/td><td>\n  Lars Lyberg\n  <\/td><td>Fred Smith, Kirk Wolter, Chris Skinner   <\/td><\/tr><tr><td>\n  1991-1993\n  <\/td><td>\n  Graham Kalton\n  <\/td><td>Ben Kiregyera, David Phillippines, Kirk Wolter<\/td><\/tr><tr><td>\n  1989-1991\n  <\/td><td>\n  Barbara Bailar\n  <\/td><td>Lars Lyberg, Tim Holt, David Binder   <\/td><\/tr><tr><td>\n  1987-1989\n  <\/td><td>\n  Colm O\u2019Muircheartaigh\n  <\/td><td>Graham Kalton, Alvaro Gonzalez, Ugo Trivellato   <\/td><\/tr><tr><td>\n  1985-1987\n  <\/td><td>\n  Ivan Fellegi\n  <\/td><td>Oladejo Ajayi, Renato Guarini, Tim Holt   &nbsp;   <\/td><\/tr><tr><td>\n  1983-1985\n  <\/td><td>\n  Leslie Kish\n  <\/td><td>Eugene Foreman, Jos\u00e8-Luis Sanchez, Colm O\u2019Muircheartaigh   <\/td><\/tr><tr><td>\n  1981-1983\n  <\/td><td>\n  Solbodan Zarkovic then G\u00e8rard Th\u00e8odor\u00e8\n  <\/td><td>William Madow, Eugene Forman, Barbara Bailar   &nbsp;   <\/td><\/tr><tr><td>\n  1979-1981\n  <\/td><td>\n  Tore Dalenius\n  <\/td><td>Jacques Desabie, Lorne Rowebottom, Alva Finkner   <\/td><\/tr><tr><td>\n  1977-1979\n  <\/td><td>\n  Pandurang Sukhatme\n  <\/td><td>Ivan Fellegi, Leslie Kish, Alastair Scott   <\/td><\/tr><tr><td>\n  1975-1977\n  <\/td><td>\n  Moris Hansen\n  <\/td><td>Ivan Fellegi, Solbodan Zarkovic, Tore Dalenius   <\/td><\/tr><tr><td>\n  1973-1975\n  <\/td><td>\n  Morris Hansen\n  <\/td><td>Pandurang Sukhatme, Frank Yates, Tore Dalenius   <\/td><\/tr><\/tbody><\/table><\/figure>\n\n\n\n<p><strong>IASS Council Members since\n1999<\/strong><\/p>\n\n\n\n<figure class=\"wp-block-table is-style-stripes\"><table><tbody><tr><td>\n<p><strong>Period<\/strong><\/p>\n<\/td><td>\n<p><strong>Council Members<\/strong><\/p>\n<\/td><\/tr><tr><td>\n<p>2017-2019<\/p>\n<\/td><td><span style=\"font-family: inherit; font-weight: inherit;\">Anders Holmberg<\/span><br><span style=\"font-family: inherit; font-weight: inherit;\">Cynthia Clark<\/span><br><span style=\"font-family: inherit; font-weight: inherit;\">Ada van Krimpen<\/span><br><\/td><\/tr><tr><td> <span style=\"font-family: inherit; font-weight: inherit;\">2015-2019<\/span><\/td><td> <span style=\"font-family: inherit; font-weight: inherit;\">Hukum Chandra<\/span><br> <span style=\"font-family: inherit; font-weight: inherit;\">Maria Govanna Ranalli<\/span><br> <span style=\"font-family: inherit; font-weight: inherit;\">Timo Schmid<\/span><br> <span style=\"font-family: inherit; font-weight: inherit;\">David Steel<\/span><br> <span style=\"font-family: inherit; font-weight: inherit;\">Ineke Stoop<\/span><br> <span style=\"font-family: inherit; font-weight: inherit;\">Niko Tzavidis<\/span><br><\/td><\/tr><tr><td> <span style=\"font-family: inherit; font-weight: inherit;\">2013-2017<\/span><\/td><td> <span style=\"font-family: inherit; font-weight: inherit;\">J. Michael Brick<\/span><br> <span style=\"font-family: inherit; font-weight: inherit;\">Daniela Cocchi<\/span><br> <span style=\"font-family: inherit; font-weight: inherit;\">Jack Gambino<\/span><br> <span style=\"font-family: inherit; font-weight: inherit;\">Risto Lehtonen<\/span><br> <span style=\"font-family: inherit; font-weight: inherit;\">Ralf M\u00fcnnich<\/span><br> <span style=\"font-family: inherit; font-weight: inherit;\">Jean Opsomer<\/span><br><\/td><\/tr><tr><td> <span style=\"font-family: inherit; font-weight: inherit;\">2011-2015<\/span><\/td><td> <span style=\"font-family: inherit; font-weight: inherit;\">Christine Bycroft<\/span><br> <span style=\"font-family: inherit; font-weight: inherit;\">Ka-Lin Karen<\/span><br> <span style=\"font-family: inherit; font-weight: inherit;\">Chan Olivier Dupriez<\/span><br> <span style=\"font-family: inherit; font-weight: inherit;\">Natalie Shlomo<\/span><br> <span style=\"font-family: inherit; font-weight: inherit;\">Marcel de Toledo Vieira<\/span><br> <span style=\"font-family: inherit; font-weight: inherit;\">Alvaro Gonzalez Villalobos <\/span><br><\/td><\/tr><tr><td> <span style=\"font-family: inherit; font-weight: inherit;\">2009-2013<\/span><\/td><td><span style=\"font-family: inherit; font-weight: inherit;\">Mike Hidiroglou<\/span><br><span style=\"font-family: inherit; font-size: inherit; font-weight: inherit;\">Edith D. de Leeuw<\/span><span style=\"font-family: inherit; font-weight: inherit;\"><br>Monica Pratesi<\/span><br><span style=\"font-family: inherit; font-weight: inherit;\">Mick P. Couper<\/span><br><span style=\"font-family: inherit; font-weight: inherit;\">Eva Elvers<\/span><br><span style=\"font-family: inherit; font-weight: inherit;\">Yves Tille<\/span> <\/td><\/tr><tr><td> <span style=\"font-family: inherit; font-weight: inherit;\">2007-2011<\/span><\/td><td> <span style=\"font-family: inherit; font-weight: inherit;\">Jairo Arrow<\/span><br> <span style=\"font-family: inherit; font-weight: inherit;\">Louise Bourque<\/span><br> <span style=\"font-family: inherit; font-weight: inherit;\">Kathryn Inglis-Clark<\/span><br> <span style=\"font-family: inherit; font-weight: inherit;\">Dalisay Maligalig<\/span><br> <span style=\"font-family: inherit; font-weight: inherit;\">Paul-Andr\u00e9 Salamin<\/span><br> <span style=\"font-family: inherit; font-weight: inherit;\">Shyam Upadhaya <\/span><br><\/td><\/tr><tr><td> <span style=\"font-family: inherit; font-weight: inherit;\">2005-2009<\/span><\/td><td> <span style=\"font-family: inherit; font-weight: inherit;\">Giuliana Coccia<\/span><br> <span style=\"font-family: inherit; font-weight: inherit;\">Geoffrey Lee<\/span><br> <span style=\"font-family: inherit; font-weight: inherit;\">Leyla Mohadjer<\/span><br> <span style=\"font-family: inherit; font-weight: inherit;\">Sarah M. Nusser<\/span><br> <span style=\"font-family: inherit; font-weight: inherit;\">Don Royce<\/span><br> <span style=\"font-family: inherit; font-weight: inherit;\">Wei Yuan (China)<\/span><br><\/td><\/tr><tr><td>\n<p>2003\u22122007<\/p>\n<\/td><td> <span style=\"font-family: inherit; font-weight: inherit;\">Pascal Ardilly<\/span><br> <span style=\"font-family: inherit; font-weight: inherit;\">J-J. Droesbeke<\/span><br> <span style=\"font-family: inherit; font-weight: inherit;\">Guido Ferrari<\/span><br> <span style=\"font-family: inherit; font-weight: inherit;\">Linda Hewitt<\/span><br> <span style=\"font-family: inherit; font-weight: inherit;\">Naman Keita<\/span><br> <span style=\"font-family: inherit; font-weight: inherit;\">Hiek Som <\/span> <\/td><\/tr><tr><td>\n<p>2001\u22122005<\/p>\n<\/td><td> <span style=\"font-family: inherit; font-weight: inherit;\">Kari Djerf<\/span><br> <span style=\"font-family: inherit; font-weight: inherit;\">David Fitch<\/span><br> <span style=\"font-family: inherit; font-weight: inherit;\">Lidija Gligorova<\/span><br> <span style=\"font-family: inherit; font-weight: inherit;\">Huang Langhui<\/span><br> <span style=\"font-family: inherit; font-weight: inherit;\">Moshe Sicron<\/span><br> <span style=\"font-family: inherit; font-weight: inherit;\">Awa Thiongane<\/span><br><\/td><\/tr><tr><td>\n<p>1999- 2003<\/p>\n<\/td><td> <span style=\"font-family: inherit; font-weight: inherit;\">Florentina Alvarez<\/span><br><span style=\"font-family: inherit; font-weight: inherit;\">Cynthia Clark<\/span><br><span style=\"font-family: inherit; font-weight: inherit;\">Pedro Do Nascimento Silva <\/span><br><span style=\"font-family: inherit; font-weight: inherit;\">Jean Martin<\/span><br><span style=\"font-family: inherit; font-weight: inherit;\">Vitalis Muba<\/span><br><span style=\"font-family: inherit; font-weight: inherit;\">Bhagwan Tikkiwal<\/span><span style=\"font-family: inherit; font-size: inherit; font-weight: inherit;\"> <\/span><\/td><\/tr><tr><td>\n<p>1995-1999<\/p>\n<\/td><td> <span style=\"font-family: inherit; font-weight: inherit;\">E. De Leeuw<\/span><br> <span style=\"font-family: inherit; font-weight: inherit;\">F. Vogel<\/span><br> <span style=\"font-family: inherit; font-weight: inherit;\">D. Pfeffermann<\/span><br> <span style=\"font-family: inherit; font-weight: inherit;\">O. Sautory<\/span><br> <span style=\"font-family: inherit; font-weight: inherit;\">O. Ayhan<\/span><br> <span style=\"font-family: inherit; font-weight: inherit;\">R. Recide<\/span><span style=\"font-size: inherit; font-family: inherit; font-weight: inherit;\"> <\/span><\/td><\/tr><tr><td>\n<p>1993-1996<\/p>\n<\/td><td><span style=\"font-family: inherit; font-weight: inherit;\">G. Forsman<\/span><br><span style=\"font-family: inherit; font-weight: inherit;\">V. Verma<br>J. Deville<\/span><br><span style=\"font-family: inherit; font-weight: inherit;\">R. Groves<\/span><br><span style=\"font-family: inherit; font-weight: inherit;\">M. Sanjurjo<\/span><br><span style=\"font-family: inherit; font-weight: inherit;\">A Marton<\/span> <\/td><\/tr><tr><td>\n<p>1991-1995<\/p>\n<\/td><td><span style=\"font-family: inherit; font-weight: inherit;\">Joseph Bielecki<\/span><br><span style=\"font-family: inherit; font-weight: inherit;\">Bermudez Gomez<\/span><br><span style=\"font-family: inherit; font-weight: inherit;\">Nanjamma Chinnappa<\/span><br><span style=\"font-family: inherit; font-weight: inherit;\">Alvaro Villalobos<\/span><br><span style=\"font-family: inherit; font-weight: inherit;\">Jean-Michel Rempp<\/span><br><span style=\"font-family: inherit; font-weight: inherit;\">Dennis Trewin<\/span> <\/td><\/tr><tr><td>\n<p>1989- 1993<\/p>\n<\/td><td><span style=\"font-family: inherit; font-weight: inherit;\">Jelke Bethlehem<\/span><br><span style=\"font-family: inherit; font-weight: inherit;\">Luigi Fabbris<\/span><br><span style=\"font-family: inherit; font-weight: inherit;\">Gad Nathan<\/span><br><span style=\"font-family: inherit; font-weight: inherit;\">Olupero Odumuye<\/span><br><span style=\"font-family: inherit; font-weight: inherit;\">Wesey Schaible<\/span> <\/td><\/tr><tr><td>\n<p>1987-1991<\/p>\n<\/td><td><span style=\"font-family: inherit; font-weight: inherit;\">Gordon Brackstone<\/span><br><span style=\"font-family: inherit; font-weight: inherit;\">Beverley Carlson<\/span><br><span style=\"font-family: inherit; font-weight: inherit;\">Jaques Charmes<\/span><br><span style=\"font-family: inherit; font-weight: inherit;\">Ben Kiregyera<\/span><br><span style=\"font-family: inherit; font-weight: inherit;\">Kinichiro<\/span><br><span style=\"font-family: inherit; font-weight: inherit;\">Neinrich Strecker<\/span><br><\/td><\/tr><tr><td>\n<p>1985-1989<\/p>\n<\/td><td><span style=\"font-family: inherit; font-weight: inherit;\">Clyde De Trabuchi<\/span><br><span style=\"font-family: inherit; font-weight: inherit;\">Eugene Forman<\/span><br><span style=\"font-family: inherit; font-weight: inherit;\">Richard Platek<\/span><br><span style=\"font-family: inherit; font-weight: inherit;\">A. J. Scott<\/span><br><span style=\"font-family: inherit; font-weight: inherit;\">Daroga Singh<\/span><br><span style=\"font-family: inherit; font-weight: inherit;\">Kirk Wolter<\/span> <\/td><\/tr><tr><td>\n<p>1983-1987<\/p>\n<\/td><td><span style=\"font-family: inherit; font-weight: inherit;\">L. Biggeri<\/span><br><span style=\"font-family: inherit; font-weight: inherit;\">M. Kantorvitz<\/span><br><span style=\"font-family: inherit; font-weight: inherit;\">H. Midzuno<\/span><br><span style=\"font-family: inherit; font-weight: inherit;\">I. B. Thomsen<\/span><br><span style=\"font-family: inherit; font-weight: inherit;\">V. K. Verma<\/span><br><span style=\"font-family: inherit; font-weight: inherit;\">G. Winter<\/span> <\/td><\/tr><tr><td>\n<p>1982-1985<\/p>\n<\/td><td><span style=\"font-family: inherit; font-weight: inherit;\">O. Ajayi<\/span><br><span style=\"font-family: inherit; font-weight: inherit;\">D. Horvitz<\/span><br><span style=\"font-family: inherit; font-weight: inherit;\">T. Jabine<\/span><br><span style=\"font-family: inherit; font-weight: inherit;\">N. Mathew<\/span><br><span style=\"font-family: inherit; font-weight: inherit;\">R. Platek<\/span><br><span style=\"font-family: inherit; font-weight: inherit;\">S. Suharto<\/span> <\/td><\/tr><tr><td>\n<p>1980-1983<\/p>\n<\/td><td><span style=\"font-family: inherit; font-weight: inherit;\">E. Foreman<\/span><br><span style=\"font-family: inherit; font-weight: inherit;\">K. de Graft-Johnson<\/span><br><span style=\"font-family: inherit; font-weight: inherit;\">G. Kalton<\/span><br><span style=\"font-family: inherit; font-weight: inherit;\">M. Murphy<\/span><br><span style=\"font-family: inherit; font-weight: inherit;\">H. Nisselson<\/span><br><span style=\"font-family: inherit; font-weight: inherit;\">J. N. K. Rao<\/span> <\/td><\/tr><tr><td>\n<p>1978-1981<\/p>\n<\/td><td><span style=\"font-family: inherit; font-weight: inherit;\">W. E. Deming<\/span><br><span style=\"font-family: inherit; font-weight: inherit;\">C. Hayashi<\/span><br><span style=\"font-family: inherit; font-weight: inherit;\">D. Holt<\/span><br><span style=\"font-family: inherit; font-weight: inherit;\">K. J. Krotki<\/span><br><span style=\"font-family: inherit; font-weight: inherit;\">G. Nathan<\/span><br><span style=\"font-family: inherit; font-weight: inherit;\">A. S. Nielsen<\/span> <\/td><\/tr><tr><td>\n<p>1976-1979<\/p>\n<\/td><td><span style=\"font-family: inherit; font-weight: inherit;\">E. de Alba<\/span><br><span style=\"font-family: inherit; font-weight: inherit;\">F.&nbsp; Azorin<\/span><br><span style=\"font-family: inherit; font-weight: inherit;\">S. L. Diop<\/span><br><span style=\"font-family: inherit; font-weight: inherit;\">J. Harewood<\/span><br><span style=\"font-family: inherit; font-weight: inherit;\">S. H. Khamis<\/span><br><span style=\"font-family: inherit; font-weight: inherit;\">M. N. Murthy<\/span> <\/td><\/tr><\/tbody><\/table><\/figure>\n","protected":false},"excerpt":{"rendered":"<p>IASS Executive Committees Since Inception in 1973 Term President Vice Presidents 2023-2025 Natalie Shlomo Annamaria Bianchi, Eric Rancourt, Jiraphan Suntornchost, Andres Gutierrez, Partha Lahiri (President-Elect) 2021-2023 Monica Pratesi Maria Giovanna Ranalli, Nikos Tzavidis, Andrea Diniz da Silva, Jairo Arrow, Natalie Shlomo (President-Elect)&nbsp; 2019-2021 Denise Silva Isabel Molina, James Chipperfield, Lucia Barroso, Nadia Lkhoulf 2017-2019 Peter&hellip;<\/p>\n","protected":false},"author":455,"featured_media":0,"parent":0,"menu_order":0,"comment_status":"closed","ping_status":"closed","template":"page-templates\/template-full-width.php","meta":{"footnotes":""},"class_list":["post-1477","page","type-page","status-publish","hentry"],"_links":{"self":[{"href":"https:\/\/isi-iass.org\/home\/wp-json\/wp\/v2\/pages\/1477","targetHints":{"allow":["GET"]}}],"collection":[{"href":"https:\/\/isi-iass.org\/home\/wp-json\/wp\/v2\/pages"}],"about":[{"href":"https:\/\/isi-iass.org\/home\/wp-json\/wp\/v2\/types\/page"}],"author":[{"embeddable":true,"href":"https:\/\/isi-iass.org\/home\/wp-json\/wp\/v2\/users\/455"}],"replies":[{"embeddable":true,"href":"https:\/\/isi-iass.org\/home\/wp-json\/wp\/v2\/comments?post=1477"}],"version-history":[{"count":20,"href":"https:\/\/isi-iass.org\/home\/wp-json\/wp\/v2\/pages\/1477\/revisions"}],"predecessor-version":[{"id":3639,"href":"https:\/\/isi-iass.org\/home\/wp-json\/wp\/v2\/pages\/1477\/revisions\/3639"}],"wp:attachment":[{"href":"https:\/\/isi-iass.org\/home\/wp-json\/wp\/v2\/media?parent=1477"}],"curies":[{"name":"wp","href":"https:\/\/api.w.org\/{rel}","templated":true}]}}